{"id":3942,"date":"2024-04-01T20:23:15","date_gmt":"2024-04-01T20:23:15","guid":{"rendered":"https:\/\/www.rhbrasil.com.br\/site\/new\/?page_id=3942"},"modified":"2026-03-31T18:58:25","modified_gmt":"2026-03-31T18:58:25","slug":"relatorio-de-transparencia-e-igualdade-salarial","status":"publish","type":"page","link":"https:\/\/www.rhbrasil.com.br\/site\/new\/relatorio-de-transparencia-e-igualdade-salarial\/","title":{"rendered":"Relat\u00f3rio de Transpar\u00eancia e Igualdade Salarial"},"content":{"rendered":"\t\t<div data-elementor-type=\"wp-page\" data-elementor-id=\"3942\" class=\"elementor elementor-3942\">\n\t\t\t\t\t\t\t\t\t<section class=\"elementor-section elementor-top-section elementor-element elementor-element-147c4f4 elementor-section-boxed elementor-section-height-default elementor-section-height-default\" data-id=\"147c4f4\" data-element_type=\"section\">\n\t\t\t\t\t\t<div class=\"elementor-container elementor-column-gap-default\">\n\t\t\t\t\t<div class=\"elementor-column elementor-col-100 elementor-top-column elementor-element elementor-element-7730855\" data-id=\"7730855\" data-element_type=\"column\">\n\t\t\t<div class=\"elementor-widget-wrap elementor-element-populated\">\n\t\t\t\t\t\t\t\t<div class=\"elementor-element elementor-element-d67f795 elementor-widget elementor-widget-spacer\" data-id=\"d67f795\" data-element_type=\"widget\" data-widget_type=\"spacer.default\">\n\t\t\t\t<div class=\"elementor-widget-container\">\n\t\t\t<style>\/*! elementor - v3.8.0 - 30-10-2022 *\/\n.elementor-column .elementor-spacer-inner{height:var(--spacer-size)}.e-con{--container-widget-width:100%}.e-con-inner>.elementor-widget-spacer,.e-con>.elementor-widget-spacer{width:var(--container-widget-width,var(--spacer-size));-ms-flex-item-align:stretch;align-self:stretch;-ms-flex-negative:0;flex-shrink:0}.e-con-inner>.elementor-widget-spacer>.elementor-widget-container,.e-con-inner>.elementor-widget-spacer>.elementor-widget-container>.elementor-spacer,.e-con>.elementor-widget-spacer>.elementor-widget-container,.e-con>.elementor-widget-spacer>.elementor-widget-container>.elementor-spacer{height:100%}.e-con-inner>.elementor-widget-spacer>.elementor-widget-container>.elementor-spacer>.elementor-spacer-inner,.e-con>.elementor-widget-spacer>.elementor-widget-container>.elementor-spacer>.elementor-spacer-inner{height:var(--container-widget-height,var(--spacer-size))}<\/style>\t\t<div class=\"elementor-spacer\">\n\t\t\t<div class=\"elementor-spacer-inner\"><\/div>\n\t\t<\/div>\n\t\t\t\t<\/div>\n\t\t\t\t<\/div>\n\t\t\t\t\t<\/div>\n\t\t<\/div>\n\t\t\t\t\t\t\t<\/div>\n\t\t<\/section>\n\t\t\t\t<section class=\"elementor-section elementor-top-section elementor-element elementor-element-ff4c846 elementor-section-boxed elementor-section-height-default elementor-section-height-default\" data-id=\"ff4c846\" data-element_type=\"section\">\n\t\t\t\t\t\t<div class=\"elementor-container elementor-column-gap-default\">\n\t\t\t\t\t<div class=\"elementor-column elementor-col-100 elementor-top-column elementor-element elementor-element-42e5e15\" data-id=\"42e5e15\" data-element_type=\"column\">\n\t\t\t<div class=\"elementor-widget-wrap elementor-element-populated\">\n\t\t\t\t\t\t\t\t<div class=\"elementor-element elementor-element-d16ea0e elementor-widget elementor-widget-heading\" data-id=\"d16ea0e\" data-element_type=\"widget\" data-widget_type=\"heading.default\">\n\t\t\t\t<div class=\"elementor-widget-container\">\n\t\t\t<style>\/*! elementor - v3.8.0 - 30-10-2022 *\/\n.elementor-heading-title{padding:0;margin:0;line-height:1}.elementor-widget-heading .elementor-heading-title[class*=elementor-size-]>a{color:inherit;font-size:inherit;line-height:inherit}.elementor-widget-heading .elementor-heading-title.elementor-size-small{font-size:15px}.elementor-widget-heading .elementor-heading-title.elementor-size-medium{font-size:19px}.elementor-widget-heading .elementor-heading-title.elementor-size-large{font-size:29px}.elementor-widget-heading .elementor-heading-title.elementor-size-xl{font-size:39px}.elementor-widget-heading .elementor-heading-title.elementor-size-xxl{font-size:59px}<\/style><h2 class=\"elementor-heading-title elementor-size-default\">Relat\u00f3rio de Transpar\u00eancia e Igualdade Salarial<\/h2>\t\t<\/div>\n\t\t\t\t<\/div>\n\t\t\t\t\t<\/div>\n\t\t<\/div>\n\t\t\t\t\t\t\t<\/div>\n\t\t<\/section>\n\t\t\t\t<section class=\"elementor-section elementor-top-section elementor-element elementor-element-925d5aa elementor-section-boxed elementor-section-height-default elementor-section-height-default\" data-id=\"925d5aa\" data-element_type=\"section\">\n\t\t\t\t\t\t<div class=\"elementor-container elementor-column-gap-default\">\n\t\t\t\t\t<div class=\"elementor-column elementor-col-100 elementor-top-column elementor-element elementor-element-48342a1\" data-id=\"48342a1\" data-element_type=\"column\">\n\t\t\t<div class=\"elementor-widget-wrap elementor-element-populated\">\n\t\t\t\t\t\t\t\t<div class=\"elementor-element elementor-element-1fd6008 elementor-widget elementor-widget-spacer\" data-id=\"1fd6008\" data-element_type=\"widget\" data-widget_type=\"spacer.default\">\n\t\t\t\t<div class=\"elementor-widget-container\">\n\t\t\t\t\t<div class=\"elementor-spacer\">\n\t\t\t<div class=\"elementor-spacer-inner\"><\/div>\n\t\t<\/div>\n\t\t\t\t<\/div>\n\t\t\t\t<\/div>\n\t\t\t\t\t<\/div>\n\t\t<\/div>\n\t\t\t\t\t\t\t<\/div>\n\t\t<\/section>\n\t\t\t\t<section class=\"elementor-section elementor-top-section elementor-element elementor-element-e0b1bbc elementor-section-boxed elementor-section-height-default elementor-section-height-default\" data-id=\"e0b1bbc\" data-element_type=\"section\">\n\t\t\t\t\t\t<div class=\"elementor-container elementor-column-gap-default\">\n\t\t\t\t\t<div class=\"elementor-column elementor-col-100 elementor-top-column elementor-element elementor-element-75730be\" data-id=\"75730be\" data-element_type=\"column\">\n\t\t\t<div class=\"elementor-widget-wrap elementor-element-populated\">\n\t\t\t\t\t\t\t\t<div class=\"elementor-element elementor-element-7116e92 elementor-widget elementor-widget-heading\" data-id=\"7116e92\" data-element_type=\"widget\" data-widget_type=\"heading.default\">\n\t\t\t\t<div class=\"elementor-widget-container\">\n\t\t\t<h2 class=\"elementor-heading-title elementor-size-default\">RHBRASIL<\/h2>\t\t<\/div>\n\t\t\t\t<\/div>\n\t\t\t\t<div class=\"elementor-element elementor-element-f9f9dff elementor-widget elementor-widget-image\" data-id=\"f9f9dff\" data-element_type=\"widget\" data-widget_type=\"image.default\">\n\t\t\t\t<div class=\"elementor-widget-container\">\n\t\t\t<style>\/*! elementor - v3.8.0 - 30-10-2022 *\/\n.elementor-widget-image{text-align:center}.elementor-widget-image a{display:inline-block}.elementor-widget-image a img[src$=\".svg\"]{width:48px}.elementor-widget-image img{vertical-align:middle;display:inline-block}<\/style>\t\t\t\t\t\t\t\t\t\t\t\t<img width=\"2560\" height=\"1811\" src=\"https:\/\/www.rhbrasil.com.br\/site\/new\/wp-content\/uploads\/2026\/03\/Relatorio-Igualdade-Salarial-RHBRASIL-Matriz-e-Filiais_page-0001-scaled.jpg\" class=\"attachment-full size-full\" alt=\"\" loading=\"lazy\" srcset=\"https:\/\/www.rhbrasil.com.br\/site\/new\/wp-content\/uploads\/2026\/03\/Relatorio-Igualdade-Salarial-RHBRASIL-Matriz-e-Filiais_page-0001-scaled.jpg 2560w, https:\/\/www.rhbrasil.com.br\/site\/new\/wp-content\/uploads\/2026\/03\/Relatorio-Igualdade-Salarial-RHBRASIL-Matriz-e-Filiais_page-0001-300x212.jpg 300w, https:\/\/www.rhbrasil.com.br\/site\/new\/wp-content\/uploads\/2026\/03\/Relatorio-Igualdade-Salarial-RHBRASIL-Matriz-e-Filiais_page-0001-1024x725.jpg 1024w, https:\/\/www.rhbrasil.com.br\/site\/new\/wp-content\/uploads\/2026\/03\/Relatorio-Igualdade-Salarial-RHBRASIL-Matriz-e-Filiais_page-0001-768x543.jpg 768w, https:\/\/www.rhbrasil.com.br\/site\/new\/wp-content\/uploads\/2026\/03\/Relatorio-Igualdade-Salarial-RHBRASIL-Matriz-e-Filiais_page-0001-1536x1087.jpg 1536w, https:\/\/www.rhbrasil.com.br\/site\/new\/wp-content\/uploads\/2026\/03\/Relatorio-Igualdade-Salarial-RHBRASIL-Matriz-e-Filiais_page-0001-2048x1449.jpg 2048w\" sizes=\"(max-width: 2560px) 100vw, 2560px\" \/>\t\t\t\t\t\t\t\t\t\t\t\t\t\t\t<\/div>\n\t\t\t\t<\/div>\n\t\t\t\t<div class=\"elementor-element elementor-element-ec5d753 elementor-widget elementor-widget-image\" data-id=\"ec5d753\" data-element_type=\"widget\" data-widget_type=\"image.default\">\n\t\t\t\t<div class=\"elementor-widget-container\">\n\t\t\t\t\t\t\t\t\t\t\t\t\t\t\t<img width=\"2560\" height=\"1811\" src=\"https:\/\/www.rhbrasil.com.br\/site\/new\/wp-content\/uploads\/2026\/03\/Relatorio-Igualdade-Salarial-RHBRASIL-Matriz-e-Filiais_page-0002-scaled.jpg\" class=\"attachment-full size-full\" alt=\"\" loading=\"lazy\" srcset=\"https:\/\/www.rhbrasil.com.br\/site\/new\/wp-content\/uploads\/2026\/03\/Relatorio-Igualdade-Salarial-RHBRASIL-Matriz-e-Filiais_page-0002-scaled.jpg 2560w, https:\/\/www.rhbrasil.com.br\/site\/new\/wp-content\/uploads\/2026\/03\/Relatorio-Igualdade-Salarial-RHBRASIL-Matriz-e-Filiais_page-0002-300x212.jpg 300w, https:\/\/www.rhbrasil.com.br\/site\/new\/wp-content\/uploads\/2026\/03\/Relatorio-Igualdade-Salarial-RHBRASIL-Matriz-e-Filiais_page-0002-1024x725.jpg 1024w, https:\/\/www.rhbrasil.com.br\/site\/new\/wp-content\/uploads\/2026\/03\/Relatorio-Igualdade-Salarial-RHBRASIL-Matriz-e-Filiais_page-0002-768x543.jpg 768w, https:\/\/www.rhbrasil.com.br\/site\/new\/wp-content\/uploads\/2026\/03\/Relatorio-Igualdade-Salarial-RHBRASIL-Matriz-e-Filiais_page-0002-1536x1087.jpg 1536w, https:\/\/www.rhbrasil.com.br\/site\/new\/wp-content\/uploads\/2026\/03\/Relatorio-Igualdade-Salarial-RHBRASIL-Matriz-e-Filiais_page-0002-2048x1449.jpg 2048w\" sizes=\"(max-width: 2560px) 100vw, 2560px\" \/>\t\t\t\t\t\t\t\t\t\t\t\t\t\t\t<\/div>\n\t\t\t\t<\/div>\n\t\t\t\t<div class=\"elementor-element elementor-element-2d34ff9 elementor-widget elementor-widget-image\" data-id=\"2d34ff9\" data-element_type=\"widget\" data-widget_type=\"image.default\">\n\t\t\t\t<div class=\"elementor-widget-container\">\n\t\t\t\t\t\t\t\t\t\t\t\t\t\t\t<img width=\"2048\" height=\"1449\" src=\"https:\/\/www.rhbrasil.com.br\/site\/new\/wp-content\/uploads\/2026\/03\/Relatorio-Igualdade-Salarial-RHBRASIL-Matriz-e-Filiais_page-0003-2048x1449.jpg\" class=\"attachment-2048x2048 size-2048x2048\" alt=\"\" loading=\"lazy\" srcset=\"https:\/\/www.rhbrasil.com.br\/site\/new\/wp-content\/uploads\/2026\/03\/Relatorio-Igualdade-Salarial-RHBRASIL-Matriz-e-Filiais_page-0003-2048x1449.jpg 2048w, https:\/\/www.rhbrasil.com.br\/site\/new\/wp-content\/uploads\/2026\/03\/Relatorio-Igualdade-Salarial-RHBRASIL-Matriz-e-Filiais_page-0003-300x212.jpg 300w, https:\/\/www.rhbrasil.com.br\/site\/new\/wp-content\/uploads\/2026\/03\/Relatorio-Igualdade-Salarial-RHBRASIL-Matriz-e-Filiais_page-0003-1024x725.jpg 1024w, https:\/\/www.rhbrasil.com.br\/site\/new\/wp-content\/uploads\/2026\/03\/Relatorio-Igualdade-Salarial-RHBRASIL-Matriz-e-Filiais_page-0003-768x543.jpg 768w, https:\/\/www.rhbrasil.com.br\/site\/new\/wp-content\/uploads\/2026\/03\/Relatorio-Igualdade-Salarial-RHBRASIL-Matriz-e-Filiais_page-0003-1536x1087.jpg 1536w\" sizes=\"(max-width: 2048px) 100vw, 2048px\" \/>\t\t\t\t\t\t\t\t\t\t\t\t\t\t\t<\/div>\n\t\t\t\t<\/div>\n\t\t\t\t<div class=\"elementor-element elementor-element-49ee33b elementor-widget elementor-widget-image\" data-id=\"49ee33b\" data-element_type=\"widget\" data-widget_type=\"image.default\">\n\t\t\t\t<div class=\"elementor-widget-container\">\n\t\t\t\t\t\t\t\t\t\t\t\t\t\t\t<img width=\"2560\" height=\"1811\" src=\"https:\/\/www.rhbrasil.com.br\/site\/new\/wp-content\/uploads\/2026\/03\/Relatorio-Igualdade-Salarial-RHBRASIL-Matriz-e-Filiais_page-0004-scaled.jpg\" class=\"attachment-full size-full\" alt=\"\" loading=\"lazy\" srcset=\"https:\/\/www.rhbrasil.com.br\/site\/new\/wp-content\/uploads\/2026\/03\/Relatorio-Igualdade-Salarial-RHBRASIL-Matriz-e-Filiais_page-0004-scaled.jpg 2560w, https:\/\/www.rhbrasil.com.br\/site\/new\/wp-content\/uploads\/2026\/03\/Relatorio-Igualdade-Salarial-RHBRASIL-Matriz-e-Filiais_page-0004-300x212.jpg 300w, https:\/\/www.rhbrasil.com.br\/site\/new\/wp-content\/uploads\/2026\/03\/Relatorio-Igualdade-Salarial-RHBRASIL-Matriz-e-Filiais_page-0004-1024x725.jpg 1024w, https:\/\/www.rhbrasil.com.br\/site\/new\/wp-content\/uploads\/2026\/03\/Relatorio-Igualdade-Salarial-RHBRASIL-Matriz-e-Filiais_page-0004-768x543.jpg 768w, https:\/\/www.rhbrasil.com.br\/site\/new\/wp-content\/uploads\/2026\/03\/Relatorio-Igualdade-Salarial-RHBRASIL-Matriz-e-Filiais_page-0004-1536x1087.jpg 1536w, https:\/\/www.rhbrasil.com.br\/site\/new\/wp-content\/uploads\/2026\/03\/Relatorio-Igualdade-Salarial-RHBRASIL-Matriz-e-Filiais_page-0004-2048x1449.jpg 2048w\" sizes=\"(max-width: 2560px) 100vw, 2560px\" \/>\t\t\t\t\t\t\t\t\t\t\t\t\t\t\t<\/div>\n\t\t\t\t<\/div>\n\t\t\t\t\t<\/div>\n\t\t<\/div>\n\t\t\t\t\t\t\t<\/div>\n\t\t<\/section>\n\t\t\t\t<section class=\"elementor-section elementor-top-section elementor-element elementor-element-97781a2 elementor-section-boxed elementor-section-height-default elementor-section-height-default\" data-id=\"97781a2\" data-element_type=\"section\">\n\t\t\t\t\t\t<div class=\"elementor-container elementor-column-gap-default\">\n\t\t\t\t\t<div class=\"elementor-column elementor-col-100 elementor-top-column elementor-element elementor-element-db344a2\" data-id=\"db344a2\" data-element_type=\"column\">\n\t\t\t<div class=\"elementor-widget-wrap\">\n\t\t\t\t\t\t\t\t\t<\/div>\n\t\t<\/div>\n\t\t\t\t\t\t\t<\/div>\n\t\t<\/section>\n\t\t\t\t<section class=\"elementor-section elementor-top-section elementor-element elementor-element-2504444 elementor-section-boxed elementor-section-height-default elementor-section-height-default\" data-id=\"2504444\" data-element_type=\"section\">\n\t\t\t\t\t\t<div class=\"elementor-container elementor-column-gap-default\">\n\t\t\t\t\t<div class=\"elementor-column elementor-col-100 elementor-top-column elementor-element elementor-element-708ff9e\" data-id=\"708ff9e\" data-element_type=\"column\">\n\t\t\t<div class=\"elementor-widget-wrap elementor-element-populated\">\n\t\t\t\t\t\t\t\t<div class=\"elementor-element elementor-element-b05f145 elementor-widget elementor-widget-heading\" data-id=\"b05f145\" data-element_type=\"widget\" data-widget_type=\"heading.default\">\n\t\t\t\t<div class=\"elementor-widget-container\">\n\t\t\t<h2 class=\"elementor-heading-title elementor-size-default\">RHGLOBAL<\/h2>\t\t<\/div>\n\t\t\t\t<\/div>\n\t\t\t\t<div class=\"elementor-element elementor-element-663f6c3 elementor-widget elementor-widget-image\" data-id=\"663f6c3\" data-element_type=\"widget\" data-widget_type=\"image.default\">\n\t\t\t\t<div class=\"elementor-widget-container\">\n\t\t\t\t\t\t\t\t\t\t\t\t\t\t\t<img width=\"2560\" height=\"1811\" src=\"https:\/\/www.rhbrasil.com.br\/site\/new\/wp-content\/uploads\/2026\/03\/Relatorio-Igualdade-Salarial-04721699000130-RH-GLOBAL_page-0001-scaled.jpg\" class=\"attachment-full size-full\" alt=\"\" loading=\"lazy\" srcset=\"https:\/\/www.rhbrasil.com.br\/site\/new\/wp-content\/uploads\/2026\/03\/Relatorio-Igualdade-Salarial-04721699000130-RH-GLOBAL_page-0001-scaled.jpg 2560w, https:\/\/www.rhbrasil.com.br\/site\/new\/wp-content\/uploads\/2026\/03\/Relatorio-Igualdade-Salarial-04721699000130-RH-GLOBAL_page-0001-300x212.jpg 300w, https:\/\/www.rhbrasil.com.br\/site\/new\/wp-content\/uploads\/2026\/03\/Relatorio-Igualdade-Salarial-04721699000130-RH-GLOBAL_page-0001-1024x725.jpg 1024w, https:\/\/www.rhbrasil.com.br\/site\/new\/wp-content\/uploads\/2026\/03\/Relatorio-Igualdade-Salarial-04721699000130-RH-GLOBAL_page-0001-768x543.jpg 768w, https:\/\/www.rhbrasil.com.br\/site\/new\/wp-content\/uploads\/2026\/03\/Relatorio-Igualdade-Salarial-04721699000130-RH-GLOBAL_page-0001-1536x1087.jpg 1536w, https:\/\/www.rhbrasil.com.br\/site\/new\/wp-content\/uploads\/2026\/03\/Relatorio-Igualdade-Salarial-04721699000130-RH-GLOBAL_page-0001-2048x1449.jpg 2048w\" sizes=\"(max-width: 2560px) 100vw, 2560px\" \/>\t\t\t\t\t\t\t\t\t\t\t\t\t\t\t<\/div>\n\t\t\t\t<\/div>\n\t\t\t\t\t<\/div>\n\t\t<\/div>\n\t\t\t\t\t\t\t<\/div>\n\t\t<\/section>\n\t\t\t\t<section class=\"elementor-section elementor-top-section elementor-element elementor-element-ad918ed elementor-section-boxed elementor-section-height-default elementor-section-height-default\" data-id=\"ad918ed\" data-element_type=\"section\">\n\t\t\t\t\t\t<div class=\"elementor-container elementor-column-gap-default\">\n\t\t\t\t\t<div class=\"elementor-column elementor-col-100 elementor-top-column elementor-element elementor-element-b3fff24\" data-id=\"b3fff24\" data-element_type=\"column\">\n\t\t\t<div class=\"elementor-widget-wrap\">\n\t\t\t\t\t\t\t\t\t<\/div>\n\t\t<\/div>\n\t\t\t\t\t\t\t<\/div>\n\t\t<\/section>\n\t\t\t\t\t\t\t<\/div>\n\t\t","protected":false},"excerpt":{"rendered":"<p>Relat\u00f3rio de Transpar\u00eancia e Igualdade Salarial RHBRASIL RHGLOBAL<\/p>\n","protected":false},"author":1,"featured_media":0,"parent":0,"menu_order":0,"comment_status":"closed","ping_status":"closed","template":"","meta":[],"yoast_head":"<!-- This site is optimized with the Yoast SEO plugin v20.1 - https:\/\/yoast.com\/wordpress\/plugins\/seo\/ -->\n<title>Relat\u00f3rio de Transpar\u00eancia e Igualdade Salarial - RHBrasil<\/title>\n<meta name=\"robots\" content=\"index, follow, max-snippet:-1, max-image-preview:large, max-video-preview:-1\" \/>\n<link rel=\"canonical\" href=\"https:\/\/www.rhbrasil.com.br\/site\/new\/relatorio-de-transparencia-e-igualdade-salarial\/\" \/>\n<meta property=\"og:locale\" content=\"pt_PT\" \/>\n<meta property=\"og:type\" content=\"article\" \/>\n<meta property=\"og:title\" content=\"Relat\u00f3rio de Transpar\u00eancia e Igualdade Salarial - RHBrasil\" \/>\n<meta property=\"og:description\" content=\"Relat\u00f3rio de Transpar\u00eancia e Igualdade Salarial RHBRASIL RHGLOBAL\" \/>\n<meta property=\"og:url\" content=\"https:\/\/www.rhbrasil.com.br\/site\/new\/relatorio-de-transparencia-e-igualdade-salarial\/\" \/>\n<meta property=\"og:site_name\" content=\"RHBrasil\" \/>\n<meta property=\"article:publisher\" content=\"https:\/\/www.facebook.com\/gruporhbrasil\/\" \/>\n<meta property=\"article:modified_time\" content=\"2026-03-31T18:58:25+00:00\" \/>\n<meta property=\"og:image\" content=\"https:\/\/www.rhbrasil.com.br\/site\/new\/wp-content\/uploads\/2026\/03\/Relatorio-Igualdade-Salarial-RHBRASIL-Matriz-e-Filiais_page-0001-scaled.jpg\" \/>\n<meta name=\"twitter:card\" content=\"summary_large_image\" \/>\n<meta name=\"twitter:label1\" content=\"Tempo estimado de leitura\" \/>\n\t<meta name=\"twitter:data1\" content=\"2 minutos\" \/>\n<script type=\"application\/ld+json\" class=\"yoast-schema-graph\">{\"@context\":\"https:\/\/schema.org\",\"@graph\":[{\"@type\":\"WebPage\",\"@id\":\"https:\/\/www.rhbrasil.com.br\/site\/new\/relatorio-de-transparencia-e-igualdade-salarial\/\",\"url\":\"https:\/\/www.rhbrasil.com.br\/site\/new\/relatorio-de-transparencia-e-igualdade-salarial\/\",\"name\":\"Relat\u00f3rio de Transpar\u00eancia e Igualdade Salarial - RHBrasil\",\"isPartOf\":{\"@id\":\"https:\/\/www.rhbrasil.com.br\/site\/new\/#website\"},\"datePublished\":\"2024-04-01T20:23:15+00:00\",\"dateModified\":\"2026-03-31T18:58:25+00:00\",\"breadcrumb\":{\"@id\":\"https:\/\/www.rhbrasil.com.br\/site\/new\/relatorio-de-transparencia-e-igualdade-salarial\/#breadcrumb\"},\"inLanguage\":\"pt-PT\",\"potentialAction\":[{\"@type\":\"ReadAction\",\"target\":[\"https:\/\/www.rhbrasil.com.br\/site\/new\/relatorio-de-transparencia-e-igualdade-salarial\/\"]}]},{\"@type\":\"BreadcrumbList\",\"@id\":\"https:\/\/www.rhbrasil.com.br\/site\/new\/relatorio-de-transparencia-e-igualdade-salarial\/#breadcrumb\",\"itemListElement\":[{\"@type\":\"ListItem\",\"position\":1,\"name\":\"Home\",\"item\":\"https:\/\/www.rhbrasil.com.br\/site\/new\/\"},{\"@type\":\"ListItem\",\"position\":2,\"name\":\"Relat\u00f3rio de Transpar\u00eancia e Igualdade Salarial\"}]},{\"@type\":\"WebSite\",\"@id\":\"https:\/\/www.rhbrasil.com.br\/site\/new\/#website\",\"url\":\"https:\/\/www.rhbrasil.com.br\/site\/new\/\",\"name\":\"RHBrasil\",\"description\":\"Autonomia e Agilidade na contrata\u00e7\u00e3o\",\"publisher\":{\"@id\":\"https:\/\/www.rhbrasil.com.br\/site\/new\/#organization\"},\"potentialAction\":[{\"@type\":\"SearchAction\",\"target\":{\"@type\":\"EntryPoint\",\"urlTemplate\":\"https:\/\/www.rhbrasil.com.br\/site\/new\/?s={search_term_string}\"},\"query-input\":\"required name=search_term_string\"}],\"inLanguage\":\"pt-PT\"},{\"@type\":\"Organization\",\"@id\":\"https:\/\/www.rhbrasil.com.br\/site\/new\/#organization\",\"name\":\"RHBrasil\",\"url\":\"https:\/\/www.rhbrasil.com.br\/site\/new\/\",\"logo\":{\"@type\":\"ImageObject\",\"inLanguage\":\"pt-PT\",\"@id\":\"https:\/\/www.rhbrasil.com.br\/site\/new\/#\/schema\/logo\/image\/\",\"url\":\"https:\/\/www.rhbrasil.com.br\/site\/new\/wp-content\/uploads\/2023\/08\/cropped-RHBrasil_RGB_Horizontal_Versao-Principal.png\",\"contentUrl\":\"https:\/\/www.rhbrasil.com.br\/site\/new\/wp-content\/uploads\/2023\/08\/cropped-RHBrasil_RGB_Horizontal_Versao-Principal.png\",\"width\":2356,\"height\":642,\"caption\":\"RHBrasil\"},\"image\":{\"@id\":\"https:\/\/www.rhbrasil.com.br\/site\/new\/#\/schema\/logo\/image\/\"},\"sameAs\":[\"https:\/\/www.facebook.com\/gruporhbrasil\/\"]}]}<\/script>\n<!-- \/ Yoast SEO plugin. -->","yoast_head_json":{"title":"Relat\u00f3rio de Transpar\u00eancia e Igualdade Salarial - RHBrasil","robots":{"index":"index","follow":"follow","max-snippet":"max-snippet:-1","max-image-preview":"max-image-preview:large","max-video-preview":"max-video-preview:-1"},"canonical":"https:\/\/www.rhbrasil.com.br\/site\/new\/relatorio-de-transparencia-e-igualdade-salarial\/","og_locale":"pt_PT","og_type":"article","og_title":"Relat\u00f3rio de Transpar\u00eancia e Igualdade Salarial - RHBrasil","og_description":"Relat\u00f3rio de Transpar\u00eancia e Igualdade Salarial RHBRASIL RHGLOBAL","og_url":"https:\/\/www.rhbrasil.com.br\/site\/new\/relatorio-de-transparencia-e-igualdade-salarial\/","og_site_name":"RHBrasil","article_publisher":"https:\/\/www.facebook.com\/gruporhbrasil\/","article_modified_time":"2026-03-31T18:58:25+00:00","og_image":[{"url":"https:\/\/www.rhbrasil.com.br\/site\/new\/wp-content\/uploads\/2026\/03\/Relatorio-Igualdade-Salarial-RHBRASIL-Matriz-e-Filiais_page-0001-scaled.jpg"}],"twitter_card":"summary_large_image","twitter_misc":{"Tempo estimado de leitura":"2 minutos"},"schema":{"@context":"https:\/\/schema.org","@graph":[{"@type":"WebPage","@id":"https:\/\/www.rhbrasil.com.br\/site\/new\/relatorio-de-transparencia-e-igualdade-salarial\/","url":"https:\/\/www.rhbrasil.com.br\/site\/new\/relatorio-de-transparencia-e-igualdade-salarial\/","name":"Relat\u00f3rio de Transpar\u00eancia e Igualdade Salarial - RHBrasil","isPartOf":{"@id":"https:\/\/www.rhbrasil.com.br\/site\/new\/#website"},"datePublished":"2024-04-01T20:23:15+00:00","dateModified":"2026-03-31T18:58:25+00:00","breadcrumb":{"@id":"https:\/\/www.rhbrasil.com.br\/site\/new\/relatorio-de-transparencia-e-igualdade-salarial\/#breadcrumb"},"inLanguage":"pt-PT","potentialAction":[{"@type":"ReadAction","target":["https:\/\/www.rhbrasil.com.br\/site\/new\/relatorio-de-transparencia-e-igualdade-salarial\/"]}]},{"@type":"BreadcrumbList","@id":"https:\/\/www.rhbrasil.com.br\/site\/new\/relatorio-de-transparencia-e-igualdade-salarial\/#breadcrumb","itemListElement":[{"@type":"ListItem","position":1,"name":"Home","item":"https:\/\/www.rhbrasil.com.br\/site\/new\/"},{"@type":"ListItem","position":2,"name":"Relat\u00f3rio de Transpar\u00eancia e Igualdade Salarial"}]},{"@type":"WebSite","@id":"https:\/\/www.rhbrasil.com.br\/site\/new\/#website","url":"https:\/\/www.rhbrasil.com.br\/site\/new\/","name":"RHBrasil","description":"Autonomia e Agilidade na contrata\u00e7\u00e3o","publisher":{"@id":"https:\/\/www.rhbrasil.com.br\/site\/new\/#organization"},"potentialAction":[{"@type":"SearchAction","target":{"@type":"EntryPoint","urlTemplate":"https:\/\/www.rhbrasil.com.br\/site\/new\/?s={search_term_string}"},"query-input":"required name=search_term_string"}],"inLanguage":"pt-PT"},{"@type":"Organization","@id":"https:\/\/www.rhbrasil.com.br\/site\/new\/#organization","name":"RHBrasil","url":"https:\/\/www.rhbrasil.com.br\/site\/new\/","logo":{"@type":"ImageObject","inLanguage":"pt-PT","@id":"https:\/\/www.rhbrasil.com.br\/site\/new\/#\/schema\/logo\/image\/","url":"https:\/\/www.rhbrasil.com.br\/site\/new\/wp-content\/uploads\/2023\/08\/cropped-RHBrasil_RGB_Horizontal_Versao-Principal.png","contentUrl":"https:\/\/www.rhbrasil.com.br\/site\/new\/wp-content\/uploads\/2023\/08\/cropped-RHBrasil_RGB_Horizontal_Versao-Principal.png","width":2356,"height":642,"caption":"RHBrasil"},"image":{"@id":"https:\/\/www.rhbrasil.com.br\/site\/new\/#\/schema\/logo\/image\/"},"sameAs":["https:\/\/www.facebook.com\/gruporhbrasil\/"]}]}},"_links":{"self":[{"href":"https:\/\/www.rhbrasil.com.br\/site\/new\/wp-json\/wp\/v2\/pages\/3942"}],"collection":[{"href":"https:\/\/www.rhbrasil.com.br\/site\/new\/wp-json\/wp\/v2\/pages"}],"about":[{"href":"https:\/\/www.rhbrasil.com.br\/site\/new\/wp-json\/wp\/v2\/types\/page"}],"author":[{"embeddable":true,"href":"https:\/\/www.rhbrasil.com.br\/site\/new\/wp-json\/wp\/v2\/users\/1"}],"replies":[{"embeddable":true,"href":"https:\/\/www.rhbrasil.com.br\/site\/new\/wp-json\/wp\/v2\/comments?post=3942"}],"version-history":[{"count":29,"href":"https:\/\/www.rhbrasil.com.br\/site\/new\/wp-json\/wp\/v2\/pages\/3942\/revisions"}],"predecessor-version":[{"id":4765,"href":"https:\/\/www.rhbrasil.com.br\/site\/new\/wp-json\/wp\/v2\/pages\/3942\/revisions\/4765"}],"wp:attachment":[{"href":"https:\/\/www.rhbrasil.com.br\/site\/new\/wp-json\/wp\/v2\/media?parent=3942"}],"curies":[{"name":"wp","href":"https:\/\/api.w.org\/{rel}","templated":true}]}}